{"id":23,"date":"2022-03-28T09:45:51","date_gmt":"2022-03-28T07:45:51","guid":{"rendered":"https:\/\/slavalinked.de\/?page_id=23"},"modified":"2022-04-14T11:48:05","modified_gmt":"2022-04-14T09:48:05","slug":"patenschaft-anbieten","status":"publish","type":"page","link":"https:\/\/slavalinked.de\/ua\/patenschaft-anbieten\/","title":{"rendered":"\u0417\u0430\u043f\u0440\u043e\u043f\u043e\u043d\u0443\u0432\u0430\u0442\u0438 \u0441\u043f\u043e\u043d\u0441\u043e\u0440\u0441\u0442\u0432\u043e"},"content":{"rendered":"<div data-elementor-type=\"wp-page\" data-elementor-id=\"23\" class=\"elementor elementor-23\" data-elementor-post-type=\"page\">\n\t\t\t\t\t\t<section class=\"ob-is-breaking-bad elementor-section elementor-top-section elementor-element elementor-element-c2c7618 elementor-section-boxed elementor-section-height-default elementor-section-height-default\" data-id=\"c2c7618\" data-element_type=\"section\" data-e-type=\"section\" data-settings=\"{&quot;_ob_bbad_use_it&quot;:&quot;yes&quot;,&quot;_ob_bbad_sssic_use&quot;:&quot;no&quot;,&quot;_ob_glider_is_slider&quot;:&quot;no&quot;}\">\n\t\t\t\t\t\t<div class=\"elementor-container elementor-column-gap-default\">\n\t\t\t\t\t<div class=\"elementor-column elementor-col-100 elementor-top-column elementor-element elementor-element-8a596fc\" data-id=\"8a596fc\" data-element_type=\"column\" data-e-type=\"column\" data-settings=\"{&quot;_ob_bbad_is_stalker&quot;:&quot;no&quot;,&quot;_ob_teleporter_use&quot;:false,&quot;_ob_column_hoveranimator&quot;:&quot;no&quot;,&quot;_ob_column_has_pseudo&quot;:&quot;no&quot;}\">\n\t\t\t<div class=\"elementor-widget-wrap elementor-element-populated\">\n\t\t\t\t\t\t<div class=\"elementor-element elementor-element-7bd9aed elementor-align-center ob-has-background-overlay elementor-widget elementor-widget-button\" data-id=\"7bd9aed\" data-element_type=\"widget\" data-e-type=\"widget\" data-settings=\"{&quot;_ob_butterbutton_use_it&quot;:&quot;no&quot;,&quot;_ob_perspektive_use&quot;:&quot;no&quot;,&quot;_ob_poopart_use&quot;:&quot;yes&quot;,&quot;_ob_shadough_use&quot;:&quot;no&quot;,&quot;_ob_allow_hoveranimator&quot;:&quot;no&quot;,&quot;_ob_widget_stalker_use&quot;:&quot;no&quot;}\" data-widget_type=\"button.default\">\n\t\t\t\t<div class=\"elementor-widget-container\">\n\t\t\t\t\t\t\t\t\t<div class=\"elementor-button-wrapper\">\n\t\t\t\t\t<a class=\"elementor-button elementor-button-link elementor-size-sm\" href=\"https:\/\/slavalinked.de\/kontakt\/#anbieten\">\n\t\t\t\t\t\t<span class=\"elementor-button-content-wrapper\">\n\t\t\t\t\t\t\t\t\t<span class=\"elementor-button-text\">\u0417\u0430\u043f\u0440\u043e\u043f\u043e\u043d\u0443\u0439\u0442\u0435 \u0441\u043f\u043e\u043d\u0441\u043e\u0440\u0441\u0442\u0432\u043e \u0437\u0430\u0440\u0430\u0437<\/span>\n\t\t\t\t\t<\/span>\n\t\t\t\t\t<\/a>\n\t\t\t\t<\/div>\n\t\t\t\t\t\t\t\t<\/div>\n\t\t\t\t<\/div>\n\t\t\t\t<div class=\"elementor-element elementor-element-0edccbc elementor-widget-divider--view-line ob-has-background-overlay elementor-widget elementor-widget-divider\" data-id=\"0edccbc\" data-element_type=\"widget\" data-e-type=\"widget\" data-settings=\"{&quot;_ob_perspektive_use&quot;:&quot;no&quot;,&quot;_ob_poopart_use&quot;:&quot;yes&quot;,&quot;_ob_shadough_use&quot;:&quot;no&quot;,&quot;_ob_allow_hoveranimator&quot;:&quot;no&quot;,&quot;_ob_widget_stalker_use&quot;:&quot;no&quot;}\" data-widget_type=\"divider.default\">\n\t\t\t\t<div class=\"elementor-widget-container\">\n\t\t\t\t\t\t\t<div class=\"elementor-divider\">\n\t\t\t<span class=\"elementor-divider-separator\">\n\t\t\t\t\t\t<\/span>\n\t\t<\/div>\n\t\t\t\t\t\t<\/div>\n\t\t\t\t<\/div>\n\t\t\t\t<div class=\"elementor-element elementor-element-8d225fc ob-harakiri-inherit ob-has-background-overlay elementor-widget elementor-widget-text-editor\" data-id=\"8d225fc\" data-element_type=\"widget\" data-e-type=\"widget\" data-settings=\"{&quot;_ob_use_harakiri&quot;:&quot;yes&quot;,&quot;_ob_harakiri_writing_mode&quot;:&quot;inherit&quot;,&quot;_ob_postman_use&quot;:&quot;no&quot;,&quot;_ob_perspektive_use&quot;:&quot;no&quot;,&quot;_ob_poopart_use&quot;:&quot;yes&quot;,&quot;_ob_shadough_use&quot;:&quot;no&quot;,&quot;_ob_allow_hoveranimator&quot;:&quot;no&quot;,&quot;_ob_widget_stalker_use&quot;:&quot;no&quot;}\" data-widget_type=\"text-editor.default\">\n\t\t\t\t<div class=\"elementor-widget-container\">\n\t\t\t\t\t\t\t\t\t<p>\u0427\u0438 \u0445\u043e\u0442\u0456\u043b\u0438 \u0431 \u0432\u0438 \u0430\u043a\u0442\u0438\u0432\u043d\u043e \u043f\u0456\u0434\u0442\u0440\u0438\u043c\u0443\u0432\u0430\u0442\u0438 \u0431\u0456\u0436\u0435\u043d\u0446\u0456\u0432 \u0443 \u041d\u0456\u043c\u0435\u0447\u0447\u0438\u043d\u0456?<br \/>\u0410\u043b\u0435 \u0432\u0438 \u043d\u0435 \u043c\u043e\u0436\u0435\u0442\u0435 \u0437\u0430\u0431\u0435\u0437\u043f\u0435\u0447\u0438\u0442\u0438 \u0436\u0438\u0442\u043b\u043e\u043c?<\/p>\t\t\t\t\t\t\t\t<\/div>\n\t\t\t\t<\/div>\n\t\t\t\t<div class=\"elementor-element elementor-element-4a574f8 ob-harakiri-inherit ob-has-background-overlay elementor-widget elementor-widget-text-editor\" data-id=\"4a574f8\" data-element_type=\"widget\" data-e-type=\"widget\" data-settings=\"{&quot;_ob_use_harakiri&quot;:&quot;yes&quot;,&quot;_ob_harakiri_writing_mode&quot;:&quot;inherit&quot;,&quot;_ob_postman_use&quot;:&quot;no&quot;,&quot;_ob_perspektive_use&quot;:&quot;no&quot;,&quot;_ob_poopart_use&quot;:&quot;yes&quot;,&quot;_ob_shadough_use&quot;:&quot;no&quot;,&quot;_ob_allow_hoveranimator&quot;:&quot;no&quot;,&quot;_ob_widget_stalker_use&quot;:&quot;no&quot;}\" data-widget_type=\"text-editor.default\">\n\t\t\t\t<div class=\"elementor-widget-container\">\n\t\t\t\t\t\t\t\t\t<h4 class=\"p1\" style=\"color: #fcea10;\">\u0423 \u043d\u0430\u0441 \u0454 \u0440\u0456\u0448\u0435\u043d\u043d\u044f \u0434\u043b\u044f \u0432\u0430\u0441<\/h4>\n\u041c\u0438 \u0437\u0432\u2019\u044f\u0436\u0435\u043c\u043e \u0432\u0430\u0441 \u0431\u0435\u0437\u043f\u043e\u0441\u0435\u0440\u0435\u0434\u043d\u044c\u043e \u0437 \u0440\u043e\u0434\u0438\u043d\u043e\u044e \u0431\u0456\u0436\u0435\u043d\u0446\u0456\u0432, \u044f\u043a\u0443 \u0432\u0438 \u0437\u043c\u043e\u0436\u0435\u0442\u0435 \u043f\u0456\u0434\u0442\u0440\u0438\u043c\u0430\u0442\u0438 \u044f\u043a \u0441\u043f\u043e\u043d\u0441\u043e\u0440. \u0417 \u043e\u0434\u043d\u043e\u0433\u043e \u0431\u043e\u043a\u0443, \u0432\u0438 \u043c\u043e\u0436\u0435\u0442\u0435 <strong>\u0411\u0435\u0437\u043f\u043e\u0441\u0435\u0440\u0435\u0434\u043d\u044c\u043e \u043f\u0456\u0434\u0442\u0440\u0438\u043c\u0443\u0439\u0442\u0435 \u0431\u0456\u0436\u0435\u043d\u0446\u0456\u0432, \u043d\u0430\u0434\u0430\u044e\u0447\u0438 \u043f\u043e\u0436\u0435\u0440\u0442\u0432\u0438 \u0443 \u043d\u0430\u0442\u0443\u0440\u0430\u043b\u044c\u043d\u0456\u0439 \u0442\u0430\/\u0430\u0431\u043e \u0433\u0440\u043e\u0448\u043e\u0432\u0456\u0439 \u0444\u043e\u0440\u043c\u0456.<\/strong> \u0417 \u0456\u043d\u0448\u043e\u0433\u043e \u0431\u043e\u043a\u0443, \u0432\u0438 \u043c\u043e\u0436\u0435\u0442\u0435 \u0434\u0430\u0442\u0438 \u0457\u0445 <strong>\u043f\u0440\u0438\u0434\u0456\u043b\u0456\u0442\u044c \u0441\u0432\u0456\u0439 \u0447\u0430\u0441 \u0442\u0430 \u0441\u0443\u043f\u0440\u043e\u0432\u043e\u0434\u0436\u0443\u0439\u0442\u0435 \u0457\u0445 \u0443 \u0432\u0438\u043a\u043e\u043d\u0430\u043d\u043d\u0456 \u0432\u0430\u0436\u043b\u0438\u0432\u0438\u0445 \u0430\u0434\u043c\u0456\u043d\u0456\u0441\u0442\u0440\u0430\u0442\u0438\u0432\u043d\u0438\u0445 \u0437\u0430\u0432\u0434\u0430\u043d\u044c<\/strong> \u0442\u0430\/\u0430\u0431\u043e \u0437\u0430\u043f\u0440\u043e\u043f\u043e\u043d\u0443\u0439\u0442\u0435 \u0457\u043c, \u043d\u0430\u043f\u0440\u0438\u043a\u043b\u0430\u0434, \u0440\u0435\u043f\u0435\u0442\u0438\u0442\u043e\u0440\u0441\u0442\u0432\u043e.<strong> \u0412 \u0446\u044c\u043e\u043c\u0443 \u0432\u0438\u043f\u0430\u0434\u043a\u0443<\/strong> \u043c\u0438 \u0437\u0432&#039;\u044f\u0436\u0435\u043c\u043e\u0441\u044f \u0437 \u0432\u0430\u043c\u0438, \u044f\u043a\u0449\u043e \u0431\u0443\u0434\u0435 \u043f\u043e\u0442\u0440\u0435\u0431\u0430 <strong>\u043f\u043e\u0441\u0438\u043b\u0430\u043d\u043d\u044f \u043d\u0430 \u0456\u043d\u0448\u0438\u0445 \u043f\u043e\u043c\u0456\u0447\u043d\u0438\u043a\u0456\u0432<\/strong>\u0449\u043e \u0445\u043e\u0447\u0430 <strong>\u0417\u0430\u0431\u0435\u0437\u043f\u0435\u0447\u0438\u0442\u0438 \u043f\u0440\u043e\u0436\u0438\u0432\u0430\u043d\u043d\u044f<\/strong> \u043c\u043e\u0436\u0435, \u043a\u043e\u043c\u0443 \u0446\u0435 <strong>\u0430\u043b\u0435 \u0431\u0440\u0430\u043a\u0443\u0454 \u0447\u0430\u0441\u0443<\/strong>. \u0420\u0430\u0437\u043e\u043c \u0432\u0438 \u043f\u0440\u043e\u043f\u043e\u043d\u0443\u0454\u0442\u0435 \u0456\u0434\u0435\u0430\u043b\u044c\u043d\u0438\u0439 \u043f\u0430\u043a\u0435\u0442 \u0434\u043b\u044f \u043f\u0440\u0438\u0431\u0443\u0442\u0442\u044f \u0434\u043e \u041d\u0456\u043c\u0435\u0447\u0447\u0438\u043d\u0438.\n\n<strong>\u0426\u0435 \u0437\u0432\u0443\u0447\u0438\u0442\u044c \u0434\u043e\u0431\u0440\u0435 \u0434\u043b\u044f \u0442\u0435\u0431\u0435?<\/strong> \u0422\u043e\u0434\u0456, \u0431\u0443\u0434\u044c \u043b\u0430\u0441\u043a\u0430, \u0437\u0430\u043f\u043e\u0432\u043d\u0456\u0442\u044c \u043d\u0430\u0441\u0442\u0443\u043f\u043d\u0443 \u0444\u043e\u0440\u043c\u0443.\t\t\t\t\t\t\t\t<\/div>\n\t\t\t\t<\/div>\n\t\t\t\t\t<\/div>\n\t\t<\/div>\n\t\t\t\t\t<\/div>\n\t\t<\/section>\n\t\t\t\t<\/div>","protected":false},"excerpt":{"rendered":"<p>Jetzt Patenschaft anbieten Du m\u00f6chtest gerne aktiv Fl\u00fcchtlinge in Deutschland unterst\u00fctzen?Du kannst aber keine Unterkunft zur Verf\u00fcgung stellen? Wir haben die L\u00f6sung f\u00fcr dich Wir verlinken dich direkt mit einer Fl\u00fcchtlingsfamilie, die du als Patin oder Pate begleiten kannst. Zum einen kannst du die Fl\u00fcchtlinge mit Sach- und\/oder Geldspenden direkt unterst\u00fctzen. Zum anderen kannst du [&hellip;]<\/p>\n","protected":false},"author":1,"featured_media":0,"parent":0,"menu_order":0,"comment_status":"closed","ping_status":"closed","template":"","meta":{"inline_featured_image":false,"footnotes":""},"class_list":["post-23","page","type-page","status-publish","hentry"],"yoast_head":"<!-- This site is optimized with the Yoast SEO plugin v27.4 - https:\/\/yoast.com\/product\/yoast-seo-wordpress\/ -->\n<title>Patenschaft anbieten - Slavalinked<\/title>\n<meta name=\"robots\" content=\"index, follow, max-snippet:-1, max-image-preview:large, max-video-preview:-1\" \/>\n<link rel=\"canonical\" href=\"https:\/\/slavalinked.de\/ua\/patenschaft-anbieten\/\" \/>\n<meta property=\"og:locale\" content=\"uk_UA\" \/>\n<meta property=\"og:type\" content=\"article\" \/>\n<meta property=\"og:title\" content=\"Patenschaft anbieten - Slavalinked\" \/>\n<meta property=\"og:description\" content=\"Jetzt Patenschaft anbieten Du m\u00f6chtest gerne aktiv Fl\u00fcchtlinge in Deutschland unterst\u00fctzen?Du kannst aber keine Unterkunft zur Verf\u00fcgung stellen? Wir haben die L\u00f6sung f\u00fcr dich Wir verlinken dich direkt mit einer Fl\u00fcchtlingsfamilie, die du als Patin oder Pate begleiten kannst. Zum einen kannst du die Fl\u00fcchtlinge mit Sach- und\/oder Geldspenden direkt unterst\u00fctzen. Zum anderen kannst du [&hellip;]\" \/>\n<meta property=\"og:url\" content=\"https:\/\/slavalinked.de\/ua\/patenschaft-anbieten\/\" \/>\n<meta property=\"og:site_name\" content=\"Slavalinked\" \/>\n<meta property=\"article:modified_time\" content=\"2022-04-14T09:48:05+00:00\" \/>\n<meta name=\"twitter:card\" content=\"summary_large_image\" \/>\n<meta name=\"twitter:label1\" content=\"\u041f\u0440\u0438\u0431\u043b. \u0447\u0430\u0441 \u0447\u0438\u0442\u0430\u043d\u043d\u044f\" \/>\n\t<meta name=\"twitter:data1\" content=\"1 \u0445\u0432\u0438\u043b\u0438\u043d\u0430\" \/>\n<script type=\"application\/ld+json\" class=\"yoast-schema-graph\">{\"@context\":\"https:\\\/\\\/schema.org\",\"@graph\":[{\"@type\":\"WebPage\",\"@id\":\"https:\\\/\\\/slavalinked.de\\\/patenschaft-anbieten\\\/\",\"url\":\"https:\\\/\\\/slavalinked.de\\\/patenschaft-anbieten\\\/\",\"name\":\"Patenschaft anbieten - Slavalinked\",\"isPartOf\":{\"@id\":\"https:\\\/\\\/slavalinked.de\\\/#website\"},\"datePublished\":\"2022-03-28T07:45:51+00:00\",\"dateModified\":\"2022-04-14T09:48:05+00:00\",\"breadcrumb\":{\"@id\":\"https:\\\/\\\/slavalinked.de\\\/patenschaft-anbieten\\\/#breadcrumb\"},\"inLanguage\":\"uk\",\"potentialAction\":[{\"@type\":\"ReadAction\",\"target\":[\"https:\\\/\\\/slavalinked.de\\\/patenschaft-anbieten\\\/\"]}]},{\"@type\":\"BreadcrumbList\",\"@id\":\"https:\\\/\\\/slavalinked.de\\\/patenschaft-anbieten\\\/#breadcrumb\",\"itemListElement\":[{\"@type\":\"ListItem\",\"position\":1,\"name\":\"Startseite\",\"item\":\"https:\\\/\\\/slavalinked.de\\\/\"},{\"@type\":\"ListItem\",\"position\":2,\"name\":\"Patenschaft anbieten\"}]},{\"@type\":\"WebSite\",\"@id\":\"https:\\\/\\\/slavalinked.de\\\/#website\",\"url\":\"https:\\\/\\\/slavalinked.de\\\/\",\"name\":\"Slavalinked\",\"description\":\"Unterkunft - Patenschaft - Jobsuche\",\"publisher\":{\"@id\":\"https:\\\/\\\/slavalinked.de\\\/#organization\"},\"potentialAction\":[{\"@type\":\"SearchAction\",\"target\":{\"@type\":\"EntryPoint\",\"urlTemplate\":\"https:\\\/\\\/slavalinked.de\\\/?s={search_term_string}\"},\"query-input\":{\"@type\":\"PropertyValueSpecification\",\"valueRequired\":true,\"valueName\":\"search_term_string\"}}],\"inLanguage\":\"uk\"},{\"@type\":\"Organization\",\"@id\":\"https:\\\/\\\/slavalinked.de\\\/#organization\",\"name\":\"Slavalinked\",\"url\":\"https:\\\/\\\/slavalinked.de\\\/\",\"logo\":{\"@type\":\"ImageObject\",\"inLanguage\":\"uk\",\"@id\":\"https:\\\/\\\/slavalinked.de\\\/#\\\/schema\\\/logo\\\/image\\\/\",\"url\":\"https:\\\/\\\/slavalinked.de\\\/wp-content\\\/uploads\\\/logo_slavalinken.svg\",\"contentUrl\":\"https:\\\/\\\/slavalinked.de\\\/wp-content\\\/uploads\\\/logo_slavalinken.svg\",\"width\":850,\"height\":115,\"caption\":\"Slavalinked\"},\"image\":{\"@id\":\"https:\\\/\\\/slavalinked.de\\\/#\\\/schema\\\/logo\\\/image\\\/\"}}]}<\/script>\n<!-- \/ Yoast SEO plugin. -->","yoast_head_json":{"title":"Patenschaft anbieten - Slavalinked","robots":{"index":"index","follow":"follow","max-snippet":"max-snippet:-1","max-image-preview":"max-image-preview:large","max-video-preview":"max-video-preview:-1"},"canonical":"https:\/\/slavalinked.de\/ua\/patenschaft-anbieten\/","og_locale":"uk_UA","og_type":"article","og_title":"Patenschaft anbieten - Slavalinked","og_description":"Jetzt Patenschaft anbieten Du m\u00f6chtest gerne aktiv Fl\u00fcchtlinge in Deutschland unterst\u00fctzen?Du kannst aber keine Unterkunft zur Verf\u00fcgung stellen? Wir haben die L\u00f6sung f\u00fcr dich Wir verlinken dich direkt mit einer Fl\u00fcchtlingsfamilie, die du als Patin oder Pate begleiten kannst. Zum einen kannst du die Fl\u00fcchtlinge mit Sach- und\/oder Geldspenden direkt unterst\u00fctzen. Zum anderen kannst du [&hellip;]","og_url":"https:\/\/slavalinked.de\/ua\/patenschaft-anbieten\/","og_site_name":"Slavalinked","article_modified_time":"2022-04-14T09:48:05+00:00","twitter_card":"summary_large_image","twitter_misc":{"\u041f\u0440\u0438\u0431\u043b. \u0447\u0430\u0441 \u0447\u0438\u0442\u0430\u043d\u043d\u044f":"1 \u0445\u0432\u0438\u043b\u0438\u043d\u0430"},"schema":{"@context":"https:\/\/schema.org","@graph":[{"@type":"WebPage","@id":"https:\/\/slavalinked.de\/patenschaft-anbieten\/","url":"https:\/\/slavalinked.de\/patenschaft-anbieten\/","name":"Patenschaft anbieten - Slavalinked","isPartOf":{"@id":"https:\/\/slavalinked.de\/#website"},"datePublished":"2022-03-28T07:45:51+00:00","dateModified":"2022-04-14T09:48:05+00:00","breadcrumb":{"@id":"https:\/\/slavalinked.de\/patenschaft-anbieten\/#breadcrumb"},"inLanguage":"uk","potentialAction":[{"@type":"ReadAction","target":["https:\/\/slavalinked.de\/patenschaft-anbieten\/"]}]},{"@type":"BreadcrumbList","@id":"https:\/\/slavalinked.de\/patenschaft-anbieten\/#breadcrumb","itemListElement":[{"@type":"ListItem","position":1,"name":"Startseite","item":"https:\/\/slavalinked.de\/"},{"@type":"ListItem","position":2,"name":"Patenschaft anbieten"}]},{"@type":"WebSite","@id":"https:\/\/slavalinked.de\/#website","url":"https:\/\/slavalinked.de\/","name":"\u0421\u043b\u0430\u0432\u0430\u043b\u0456\u0437\u0443\u0454\u0442\u044c\u0441\u044f","description":"\u041f\u0440\u043e\u0436\u0438\u0432\u0430\u043d\u043d\u044f - \u0441\u043f\u043e\u043d\u0441\u043e\u0440\u0441\u0442\u0432\u043e - \u043f\u043e\u0448\u0443\u043a \u0440\u043e\u0431\u043e\u0442\u0438","publisher":{"@id":"https:\/\/slavalinked.de\/#organization"},"potentialAction":[{"@type":"SearchAction","target":{"@type":"EntryPoint","urlTemplate":"https:\/\/slavalinked.de\/?s={search_term_string}"},"query-input":{"@type":"PropertyValueSpecification","valueRequired":true,"valueName":"search_term_string"}}],"inLanguage":"uk"},{"@type":"Organization","@id":"https:\/\/slavalinked.de\/#organization","name":"\u0421\u043b\u0430\u0432\u0430\u043b\u0456\u0437\u0443\u0454\u0442\u044c\u0441\u044f","url":"https:\/\/slavalinked.de\/","logo":{"@type":"ImageObject","inLanguage":"uk","@id":"https:\/\/slavalinked.de\/#\/schema\/logo\/image\/","url":"https:\/\/slavalinked.de\/wp-content\/uploads\/logo_slavalinken.svg","contentUrl":"https:\/\/slavalinked.de\/wp-content\/uploads\/logo_slavalinken.svg","width":850,"height":115,"caption":"Slavalinked"},"image":{"@id":"https:\/\/slavalinked.de\/#\/schema\/logo\/image\/"}}]}},"_links":{"self":[{"href":"https:\/\/slavalinked.de\/ua\/wp-json\/wp\/v2\/pages\/23","targetHints":{"allow":["GET"]}}],"collection":[{"href":"https:\/\/slavalinked.de\/ua\/wp-json\/wp\/v2\/pages"}],"about":[{"href":"https:\/\/slavalinked.de\/ua\/wp-json\/wp\/v2\/types\/page"}],"author":[{"embeddable":true,"href":"https:\/\/slavalinked.de\/ua\/wp-json\/wp\/v2\/users\/1"}],"replies":[{"embeddable":true,"href":"https:\/\/slavalinked.de\/ua\/wp-json\/wp\/v2\/comments?post=23"}],"version-history":[{"count":6,"href":"https:\/\/slavalinked.de\/ua\/wp-json\/wp\/v2\/pages\/23\/revisions"}],"predecessor-version":[{"id":2484,"href":"https:\/\/slavalinked.de\/ua\/wp-json\/wp\/v2\/pages\/23\/revisions\/2484"}],"wp:attachment":[{"href":"https:\/\/slavalinked.de\/ua\/wp-json\/wp\/v2\/media?parent=23"}],"curies":[{"name":"wp","href":"https:\/\/api.w.org\/{rel}","templated":true}]}}