{"id":980,"date":"2022-03-30T11:10:33","date_gmt":"2022-03-30T09:10:33","guid":{"rendered":"http:\/\/slavalinked.ttmedia-agentur.de\/?page_id=980"},"modified":"2022-04-14T10:56:45","modified_gmt":"2022-04-14T08:56:45","slug":"paten-suchen","status":"publish","type":"page","link":"https:\/\/slavalinked.de\/ua\/paten-suchen\/","title":{"rendered":"\u041f\u043e\u0448\u0443\u043a \u0445\u0440\u0435\u0449\u0435\u043d\u0438\u0445 \u0431\u0430\u0442\u044c\u043a\u0456\u0432"},"content":{"rendered":"<div data-elementor-type=\"wp-page\" data-elementor-id=\"980\" class=\"elementor elementor-980\" data-elementor-post-type=\"page\">\n\t\t\t\t\t\t<section class=\"ob-is-breaking-bad elementor-section elementor-top-section elementor-element elementor-element-4b0c9ac elementor-section-boxed elementor-section-height-default elementor-section-height-default\" data-id=\"4b0c9ac\" data-element_type=\"section\" data-e-type=\"section\" data-settings=\"{&quot;_ob_bbad_use_it&quot;:&quot;yes&quot;,&quot;_ob_bbad_sssic_use&quot;:&quot;no&quot;,&quot;_ob_glider_is_slider&quot;:&quot;no&quot;}\">\n\t\t\t\t\t\t<div class=\"elementor-container elementor-column-gap-default\">\n\t\t\t\t\t<div class=\"elementor-column elementor-col-100 elementor-top-column elementor-element elementor-element-65b0dee\" data-id=\"65b0dee\" data-element_type=\"column\" data-e-type=\"column\" data-settings=\"{&quot;_ob_bbad_is_stalker&quot;:&quot;no&quot;,&quot;_ob_teleporter_use&quot;:false,&quot;_ob_column_hoveranimator&quot;:&quot;no&quot;,&quot;_ob_column_has_pseudo&quot;:&quot;no&quot;}\">\n\t\t\t<div class=\"elementor-widget-wrap elementor-element-populated\">\n\t\t\t\t\t\t<div class=\"elementor-element elementor-element-212a618 elementor-align-center ob-has-background-overlay elementor-widget elementor-widget-button\" data-id=\"212a618\" data-element_type=\"widget\" data-e-type=\"widget\" data-settings=\"{&quot;_ob_butterbutton_use_it&quot;:&quot;no&quot;,&quot;_ob_perspektive_use&quot;:&quot;no&quot;,&quot;_ob_poopart_use&quot;:&quot;yes&quot;,&quot;_ob_shadough_use&quot;:&quot;no&quot;,&quot;_ob_allow_hoveranimator&quot;:&quot;no&quot;,&quot;_ob_widget_stalker_use&quot;:&quot;no&quot;}\" data-widget_type=\"button.default\">\n\t\t\t\t<div class=\"elementor-widget-container\">\n\t\t\t\t\t\t\t\t\t<div class=\"elementor-button-wrapper\">\n\t\t\t\t\t<a class=\"elementor-button elementor-button-link elementor-size-sm\" href=\"https:\/\/slavalinked.de\/kontakt\/\">\n\t\t\t\t\t\t<span class=\"elementor-button-content-wrapper\">\n\t\t\t\t\t\t\t\t\t<span class=\"elementor-button-text\">\u0417\u043d\u0430\u0439\u0434\u0456\u0442\u044c \u0441\u043f\u043e\u043d\u0441\u043e\u0440\u0456\u0432 \u0437\u0430\u0440\u0430\u0437<\/span>\n\t\t\t\t\t<\/span>\n\t\t\t\t\t<\/a>\n\t\t\t\t<\/div>\n\t\t\t\t\t\t\t\t<\/div>\n\t\t\t\t<\/div>\n\t\t\t\t<div class=\"elementor-element elementor-element-3b3c0ec elementor-widget-divider--view-line ob-has-background-overlay elementor-widget elementor-widget-divider\" data-id=\"3b3c0ec\" data-element_type=\"widget\" data-e-type=\"widget\" data-settings=\"{&quot;_ob_perspektive_use&quot;:&quot;no&quot;,&quot;_ob_poopart_use&quot;:&quot;yes&quot;,&quot;_ob_shadough_use&quot;:&quot;no&quot;,&quot;_ob_allow_hoveranimator&quot;:&quot;no&quot;,&quot;_ob_widget_stalker_use&quot;:&quot;no&quot;}\" data-widget_type=\"divider.default\">\n\t\t\t\t<div class=\"elementor-widget-container\">\n\t\t\t\t\t\t\t<div class=\"elementor-divider\">\n\t\t\t<span class=\"elementor-divider-separator\">\n\t\t\t\t\t\t<\/span>\n\t\t<\/div>\n\t\t\t\t\t\t<\/div>\n\t\t\t\t<\/div>\n\t\t\t\t<section class=\"ob-is-breaking-bad ob-bb-inner elementor-section elementor-inner-section elementor-element elementor-element-6faffad elementor-section-boxed elementor-section-height-default elementor-section-height-default\" data-id=\"6faffad\" data-element_type=\"section\" data-e-type=\"section\" data-settings=\"{&quot;_ob_bbad_use_it&quot;:&quot;yes&quot;,&quot;_ob_bbad_sssic_use&quot;:&quot;no&quot;,&quot;_ob_glider_is_slider&quot;:&quot;no&quot;}\">\n\t\t\t\t\t\t<div class=\"elementor-container elementor-column-gap-default\">\n\t\t\t\t\t<div class=\"elementor-column elementor-col-100 elementor-inner-column elementor-element elementor-element-851db31\" data-id=\"851db31\" data-element_type=\"column\" data-e-type=\"column\" data-settings=\"{&quot;_ob_bbad_is_stalker&quot;:&quot;no&quot;,&quot;_ob_teleporter_use&quot;:false,&quot;_ob_column_hoveranimator&quot;:&quot;no&quot;,&quot;_ob_column_has_pseudo&quot;:&quot;no&quot;}\">\n\t\t\t<div class=\"elementor-widget-wrap elementor-element-populated\">\n\t\t\t\t\t\t<div class=\"elementor-element elementor-element-db964c6 ob-harakiri-inherit ob-has-background-overlay elementor-widget elementor-widget-text-editor\" data-id=\"db964c6\" data-element_type=\"widget\" data-e-type=\"widget\" data-settings=\"{&quot;_ob_use_harakiri&quot;:&quot;yes&quot;,&quot;_ob_harakiri_writing_mode&quot;:&quot;inherit&quot;,&quot;_ob_postman_use&quot;:&quot;no&quot;,&quot;_ob_perspektive_use&quot;:&quot;no&quot;,&quot;_ob_poopart_use&quot;:&quot;yes&quot;,&quot;_ob_shadough_use&quot;:&quot;no&quot;,&quot;_ob_allow_hoveranimator&quot;:&quot;no&quot;,&quot;_ob_widget_stalker_use&quot;:&quot;no&quot;}\" data-widget_type=\"text-editor.default\">\n\t\t\t\t<div class=\"elementor-widget-container\">\n\t\t\t\t\t\t\t\t\t<h4 class=\"p1\" style=\"color: #fcea10;\">\u0425\u0440\u0435\u0449\u0435\u043d\u0438\u0439 \u0431\u0430\u0442\u044c\u043a\u043e<\/h4>\n<p><span style=\"color: #d5dade;\">\u0423 \u0432\u0430\u0441 \u0449\u0435 \u043d\u0435\u043c\u0430\u0454 \u0436\u043e\u0434\u043d\u0438\u0445 \u0440\u043e\u0434\u0438\u043d\u043d\u0438\u0445 \u0437\u0432&#039;\u044f\u0437\u043a\u0456\u0432 \u0443 \u041d\u0456\u043c\u0435\u0447\u0447\u0438\u043d\u0456 \u0442\u0430 \u0432\u0438 \u0432\u0456\u0434\u0447\u0443\u0432\u0430\u0454\u0442\u0435 \u0441\u0435\u0431\u0435 \u043f\u0440\u0438\u0433\u043e\u043b\u043e\u043c\u0448\u0435\u043d\u0438\u043c\u0438 \u0432\u0441\u0456\u043c, \u0449\u043e \u0432\u0430\u0441 \u0447\u0435\u043a\u0430\u0454? \u0412\u0430\u043c \u043f\u043e\u0442\u0440\u0456\u0431\u043d\u0430 \u0434\u043e\u043f\u043e\u043c\u043e\u0433\u0430 \u0437 \u043e\u0444\u0456\u0446\u0456\u0439\u043d\u0438\u043c\u0438 \u043f\u0440\u043e\u0446\u0435\u0434\u0443\u0440\u0430\u043c\u0438 (\u043d\u0430\u043f\u0440\u0438\u043a\u043b\u0430\u0434, \u0440\u0435\u0454\u0441\u0442\u0440\u0430\u0446\u0456\u044f \u0432 \u043e\u0444\u0456\u0441\u0456 \u0440\u0435\u0454\u0441\u0442\u0440\u0430\u0446\u0456\u0457 \u043c\u0435\u0448\u043a\u0430\u043d\u0446\u0456\u0432, \u0440\u0435\u0454\u0441\u0442\u0440\u0430\u0446\u0456\u044f \u0432 \u0448\u043a\u043e\u043b\u0456, \u043f\u043e\u0434\u0430\u0447\u0430 \u0437\u0430\u044f\u0432\u043a\u0438 \u043d\u0430 \u043e\u0442\u0440\u0438\u043c\u0430\u043d\u043d\u044f \u0434\u0435\u0440\u0436\u0430\u0432\u043d\u043e\u0457 \u043f\u0456\u0434\u0442\u0440\u0438\u043c\u043a\u0438)? \u0412\u0430\u043c \u043f\u043e\u0442\u0440\u0456\u0431\u0435\u043d \u043e\u0434\u044f\u0433 \u0447\u0438 \u0456\u043d\u0448\u0456 \u043f\u043e\u0436\u0435\u0440\u0442\u0432\u0438 \u0443 \u043d\u0430\u0442\u0443\u0440\u0430\u043b\u044c\u043d\u0456\u0439 \u0444\u043e\u0440\u043c\u0456?<\/span><\/p>\n<p>\u0422\u043e\u0434\u0456 \u043f\u043e\u0434\u0456\u043b\u0456\u0442\u044c\u0441\u044f \u0437 \u043d\u0430\u043c\u0438 \u0442\u0438\u043c, \u0449\u043e \u0432\u0430\u043c \u043f\u043e\u0442\u0440\u0456\u0431\u043d\u043e, \u0456 \u043c\u0438 \u0437\u043d\u0430\u0439\u0434\u0435\u043c\u043e \u0434\u043b\u044f \u0432\u0430\u0441 \u0441\u043f\u043e\u043d\u0441\u043e\u0440\u0456\u0432. \u041d\u0430\u0441\u0442\u0430\u0432\u043d\u0438\u043a\u0438 \u043f\u0440\u043e\u043f\u043e\u043d\u0443\u044e\u0442\u044c \u0432\u0430\u043c \u0434\u043e\u043f\u043e\u043c\u043e\u0433\u0443 \u0437 \u0432\u0438\u0449\u0435\u0437\u0430\u0437\u043d\u0430\u0447\u0435\u043d\u0438\u0445 \u0442\u0435\u043c.<br><\/p>\t\t\t\t\t\t\t\t<\/div>\n\t\t\t\t<\/div>\n\t\t\t\t\t<\/div>\n\t\t<\/div>\n\t\t\t\t\t<\/div>\n\t\t<\/section>\n\t\t\t\t\t<\/div>\n\t\t<\/div>\n\t\t\t\t\t<\/div>\n\t\t<\/section>\n\t\t\t\t<\/div>","protected":false},"excerpt":{"rendered":"<p>Jetzt Paten suchen Suche nach Paten Du hast bisher keinen Familienanschluss in Deutschland und f\u00fchlst dich \u00fcberfordert mit all dem was auf dich zukommt? Du ben\u00f6tigst Hilfe bei Beh\u00f6rdeng\u00e4ngen (z.B. Anmeldung im Einwohnermeldeamt, Schulanmeldung, Beantragung staatlicher Unterst\u00fctzungsgelder)? Du ben\u00f6tigst Kleidung oder andere Sachspenden? Dann teile und das mit was du brauchst und wir suchen nach [&hellip;]<\/p>\n","protected":false},"author":1,"featured_media":0,"parent":0,"menu_order":0,"comment_status":"closed","ping_status":"closed","template":"","meta":{"inline_featured_image":false,"footnotes":""},"class_list":["post-980","page","type-page","status-publish","hentry"],"yoast_head":"<!-- This site is optimized with the Yoast SEO plugin v27.4 - https:\/\/yoast.com\/product\/yoast-seo-wordpress\/ -->\n<title>Paten suchen - Slavalinked<\/title>\n<meta name=\"robots\" content=\"index, follow, max-snippet:-1, max-image-preview:large, max-video-preview:-1\" \/>\n<link rel=\"canonical\" href=\"https:\/\/slavalinked.de\/ua\/paten-suchen\/\" \/>\n<meta property=\"og:locale\" content=\"uk_UA\" \/>\n<meta property=\"og:type\" content=\"article\" \/>\n<meta property=\"og:title\" content=\"Paten suchen - Slavalinked\" \/>\n<meta property=\"og:description\" content=\"Jetzt Paten suchen Suche nach Paten Du hast bisher keinen Familienanschluss in Deutschland und f\u00fchlst dich \u00fcberfordert mit all dem was auf dich zukommt? Du ben\u00f6tigst Hilfe bei Beh\u00f6rdeng\u00e4ngen (z.B. Anmeldung im Einwohnermeldeamt, Schulanmeldung, Beantragung staatlicher Unterst\u00fctzungsgelder)? Du ben\u00f6tigst Kleidung oder andere Sachspenden? Dann teile und das mit was du brauchst und wir suchen nach [&hellip;]\" \/>\n<meta property=\"og:url\" content=\"https:\/\/slavalinked.de\/ua\/paten-suchen\/\" \/>\n<meta property=\"og:site_name\" content=\"Slavalinked\" \/>\n<meta property=\"article:modified_time\" content=\"2022-04-14T08:56:45+00:00\" \/>\n<meta name=\"twitter:card\" content=\"summary_large_image\" \/>\n<meta name=\"twitter:label1\" content=\"\u041f\u0440\u0438\u0431\u043b. \u0447\u0430\u0441 \u0447\u0438\u0442\u0430\u043d\u043d\u044f\" \/>\n\t<meta name=\"twitter:data1\" content=\"1 \u0445\u0432\u0438\u043b\u0438\u043d\u0430\" \/>\n<script type=\"application\/ld+json\" class=\"yoast-schema-graph\">{\"@context\":\"https:\\\/\\\/schema.org\",\"@graph\":[{\"@type\":\"WebPage\",\"@id\":\"https:\\\/\\\/slavalinked.de\\\/paten-suchen\\\/\",\"url\":\"https:\\\/\\\/slavalinked.de\\\/paten-suchen\\\/\",\"name\":\"Paten suchen - Slavalinked\",\"isPartOf\":{\"@id\":\"https:\\\/\\\/slavalinked.de\\\/#website\"},\"datePublished\":\"2022-03-30T09:10:33+00:00\",\"dateModified\":\"2022-04-14T08:56:45+00:00\",\"breadcrumb\":{\"@id\":\"https:\\\/\\\/slavalinked.de\\\/paten-suchen\\\/#breadcrumb\"},\"inLanguage\":\"uk\",\"potentialAction\":[{\"@type\":\"ReadAction\",\"target\":[\"https:\\\/\\\/slavalinked.de\\\/paten-suchen\\\/\"]}]},{\"@type\":\"BreadcrumbList\",\"@id\":\"https:\\\/\\\/slavalinked.de\\\/paten-suchen\\\/#breadcrumb\",\"itemListElement\":[{\"@type\":\"ListItem\",\"position\":1,\"name\":\"Startseite\",\"item\":\"https:\\\/\\\/slavalinked.de\\\/\"},{\"@type\":\"ListItem\",\"position\":2,\"name\":\"Paten suchen\"}]},{\"@type\":\"WebSite\",\"@id\":\"https:\\\/\\\/slavalinked.de\\\/#website\",\"url\":\"https:\\\/\\\/slavalinked.de\\\/\",\"name\":\"Slavalinked\",\"description\":\"Unterkunft - Patenschaft - Jobsuche\",\"publisher\":{\"@id\":\"https:\\\/\\\/slavalinked.de\\\/#organization\"},\"potentialAction\":[{\"@type\":\"SearchAction\",\"target\":{\"@type\":\"EntryPoint\",\"urlTemplate\":\"https:\\\/\\\/slavalinked.de\\\/?s={search_term_string}\"},\"query-input\":{\"@type\":\"PropertyValueSpecification\",\"valueRequired\":true,\"valueName\":\"search_term_string\"}}],\"inLanguage\":\"uk\"},{\"@type\":\"Organization\",\"@id\":\"https:\\\/\\\/slavalinked.de\\\/#organization\",\"name\":\"Slavalinked\",\"url\":\"https:\\\/\\\/slavalinked.de\\\/\",\"logo\":{\"@type\":\"ImageObject\",\"inLanguage\":\"uk\",\"@id\":\"https:\\\/\\\/slavalinked.de\\\/#\\\/schema\\\/logo\\\/image\\\/\",\"url\":\"https:\\\/\\\/slavalinked.de\\\/wp-content\\\/uploads\\\/logo_slavalinken.svg\",\"contentUrl\":\"https:\\\/\\\/slavalinked.de\\\/wp-content\\\/uploads\\\/logo_slavalinken.svg\",\"width\":850,\"height\":115,\"caption\":\"Slavalinked\"},\"image\":{\"@id\":\"https:\\\/\\\/slavalinked.de\\\/#\\\/schema\\\/logo\\\/image\\\/\"}}]}<\/script>\n<!-- \/ Yoast SEO plugin. -->","yoast_head_json":{"title":"Paten suchen - Slavalinked","robots":{"index":"index","follow":"follow","max-snippet":"max-snippet:-1","max-image-preview":"max-image-preview:large","max-video-preview":"max-video-preview:-1"},"canonical":"https:\/\/slavalinked.de\/ua\/paten-suchen\/","og_locale":"uk_UA","og_type":"article","og_title":"Paten suchen - Slavalinked","og_description":"Jetzt Paten suchen Suche nach Paten Du hast bisher keinen Familienanschluss in Deutschland und f\u00fchlst dich \u00fcberfordert mit all dem was auf dich zukommt? Du ben\u00f6tigst Hilfe bei Beh\u00f6rdeng\u00e4ngen (z.B. Anmeldung im Einwohnermeldeamt, Schulanmeldung, Beantragung staatlicher Unterst\u00fctzungsgelder)? Du ben\u00f6tigst Kleidung oder andere Sachspenden? Dann teile und das mit was du brauchst und wir suchen nach [&hellip;]","og_url":"https:\/\/slavalinked.de\/ua\/paten-suchen\/","og_site_name":"Slavalinked","article_modified_time":"2022-04-14T08:56:45+00:00","twitter_card":"summary_large_image","twitter_misc":{"\u041f\u0440\u0438\u0431\u043b. \u0447\u0430\u0441 \u0447\u0438\u0442\u0430\u043d\u043d\u044f":"1 \u0445\u0432\u0438\u043b\u0438\u043d\u0430"},"schema":{"@context":"https:\/\/schema.org","@graph":[{"@type":"WebPage","@id":"https:\/\/slavalinked.de\/paten-suchen\/","url":"https:\/\/slavalinked.de\/paten-suchen\/","name":"Paten suchen - Slavalinked","isPartOf":{"@id":"https:\/\/slavalinked.de\/#website"},"datePublished":"2022-03-30T09:10:33+00:00","dateModified":"2022-04-14T08:56:45+00:00","breadcrumb":{"@id":"https:\/\/slavalinked.de\/paten-suchen\/#breadcrumb"},"inLanguage":"uk","potentialAction":[{"@type":"ReadAction","target":["https:\/\/slavalinked.de\/paten-suchen\/"]}]},{"@type":"BreadcrumbList","@id":"https:\/\/slavalinked.de\/paten-suchen\/#breadcrumb","itemListElement":[{"@type":"ListItem","position":1,"name":"Startseite","item":"https:\/\/slavalinked.de\/"},{"@type":"ListItem","position":2,"name":"Paten suchen"}]},{"@type":"WebSite","@id":"https:\/\/slavalinked.de\/#website","url":"https:\/\/slavalinked.de\/","name":"\u0421\u043b\u0430\u0432\u0430\u043b\u0456\u0437\u0443\u0454\u0442\u044c\u0441\u044f","description":"\u041f\u0440\u043e\u0436\u0438\u0432\u0430\u043d\u043d\u044f - \u0441\u043f\u043e\u043d\u0441\u043e\u0440\u0441\u0442\u0432\u043e - \u043f\u043e\u0448\u0443\u043a \u0440\u043e\u0431\u043e\u0442\u0438","publisher":{"@id":"https:\/\/slavalinked.de\/#organization"},"potentialAction":[{"@type":"SearchAction","target":{"@type":"EntryPoint","urlTemplate":"https:\/\/slavalinked.de\/?s={search_term_string}"},"query-input":{"@type":"PropertyValueSpecification","valueRequired":true,"valueName":"search_term_string"}}],"inLanguage":"uk"},{"@type":"Organization","@id":"https:\/\/slavalinked.de\/#organization","name":"\u0421\u043b\u0430\u0432\u0430\u043b\u0456\u0437\u0443\u0454\u0442\u044c\u0441\u044f","url":"https:\/\/slavalinked.de\/","logo":{"@type":"ImageObject","inLanguage":"uk","@id":"https:\/\/slavalinked.de\/#\/schema\/logo\/image\/","url":"https:\/\/slavalinked.de\/wp-content\/uploads\/logo_slavalinken.svg","contentUrl":"https:\/\/slavalinked.de\/wp-content\/uploads\/logo_slavalinken.svg","width":850,"height":115,"caption":"Slavalinked"},"image":{"@id":"https:\/\/slavalinked.de\/#\/schema\/logo\/image\/"}}]}},"_links":{"self":[{"href":"https:\/\/slavalinked.de\/ua\/wp-json\/wp\/v2\/pages\/980","targetHints":{"allow":["GET"]}}],"collection":[{"href":"https:\/\/slavalinked.de\/ua\/wp-json\/wp\/v2\/pages"}],"about":[{"href":"https:\/\/slavalinked.de\/ua\/wp-json\/wp\/v2\/types\/page"}],"author":[{"embeddable":true,"href":"https:\/\/slavalinked.de\/ua\/wp-json\/wp\/v2\/users\/1"}],"replies":[{"embeddable":true,"href":"https:\/\/slavalinked.de\/ua\/wp-json\/wp\/v2\/comments?post=980"}],"version-history":[{"count":0,"href":"https:\/\/slavalinked.de\/ua\/wp-json\/wp\/v2\/pages\/980\/revisions"}],"wp:attachment":[{"href":"https:\/\/slavalinked.de\/ua\/wp-json\/wp\/v2\/media?parent=980"}],"curies":[{"name":"wp","href":"https:\/\/api.w.org\/{rel}","templated":true}]}}