{"id":984,"date":"2022-03-30T11:12:13","date_gmt":"2022-03-30T09:12:13","guid":{"rendered":"http:\/\/slavalinked.ttmedia-agentur.de\/?page_id=984"},"modified":"2022-04-14T15:09:20","modified_gmt":"2022-04-14T13:09:20","slug":"unterkunft-anbieten","status":"publish","type":"page","link":"https:\/\/slavalinked.de\/ua\/unterkunft-anbieten\/","title":{"rendered":"\u0417\u0430\u043f\u0440\u043e\u043f\u043e\u043d\u0443\u0432\u0430\u0442\u0438 \u0436\u0438\u0442\u043b\u043e"},"content":{"rendered":"<div data-elementor-type=\"wp-page\" data-elementor-id=\"984\" class=\"elementor elementor-984\" data-elementor-post-type=\"page\">\n\t\t\t\t\t\t<section class=\"ob-is-breaking-bad elementor-section elementor-top-section elementor-element elementor-element-5706393 elementor-section-boxed elementor-section-height-default elementor-section-height-default\" data-id=\"5706393\" data-element_type=\"section\" data-e-type=\"section\" data-settings=\"{&quot;_ob_bbad_use_it&quot;:&quot;yes&quot;,&quot;_ob_bbad_sssic_use&quot;:&quot;no&quot;,&quot;_ob_glider_is_slider&quot;:&quot;no&quot;}\">\n\t\t\t\t\t\t<div class=\"elementor-container elementor-column-gap-default\">\n\t\t\t\t\t<div class=\"elementor-column elementor-col-100 elementor-top-column elementor-element elementor-element-8357c3e\" data-id=\"8357c3e\" data-element_type=\"column\" data-e-type=\"column\" data-settings=\"{&quot;_ob_bbad_is_stalker&quot;:&quot;no&quot;,&quot;_ob_teleporter_use&quot;:false,&quot;_ob_column_hoveranimator&quot;:&quot;no&quot;,&quot;_ob_column_has_pseudo&quot;:&quot;no&quot;}\">\n\t\t\t<div class=\"elementor-widget-wrap elementor-element-populated\">\n\t\t\t\t\t\t<div class=\"elementor-element elementor-element-90c2d88 elementor-align-center ob-has-background-overlay elementor-widget elementor-widget-button\" data-id=\"90c2d88\" data-element_type=\"widget\" data-e-type=\"widget\" data-settings=\"{&quot;_ob_butterbutton_use_it&quot;:&quot;no&quot;,&quot;_ob_perspektive_use&quot;:&quot;no&quot;,&quot;_ob_poopart_use&quot;:&quot;yes&quot;,&quot;_ob_shadough_use&quot;:&quot;no&quot;,&quot;_ob_allow_hoveranimator&quot;:&quot;no&quot;,&quot;_ob_widget_stalker_use&quot;:&quot;no&quot;}\" data-widget_type=\"button.default\">\n\t\t\t\t<div class=\"elementor-widget-container\">\n\t\t\t\t\t\t\t\t\t<div class=\"elementor-button-wrapper\">\n\t\t\t\t\t<a class=\"elementor-button elementor-button-link elementor-size-sm\" href=\"https:\/\/slavalinked.de\/kontakt\/#anbieten\">\n\t\t\t\t\t\t<span class=\"elementor-button-content-wrapper\">\n\t\t\t\t\t\t\t\t\t<span class=\"elementor-button-text\">\u0417\u0430\u043f\u0440\u043e\u043f\u043e\u043d\u0443\u0439\u0442\u0435 \u0436\u0438\u0442\u043b\u043e \u0437\u0430\u0440\u0430\u0437<\/span>\n\t\t\t\t\t<\/span>\n\t\t\t\t\t<\/a>\n\t\t\t\t<\/div>\n\t\t\t\t\t\t\t\t<\/div>\n\t\t\t\t<\/div>\n\t\t\t\t<div class=\"elementor-element elementor-element-cbe9b53 elementor-widget-divider--view-line ob-has-background-overlay elementor-widget elementor-widget-divider\" data-id=\"cbe9b53\" data-element_type=\"widget\" data-e-type=\"widget\" data-settings=\"{&quot;_ob_perspektive_use&quot;:&quot;no&quot;,&quot;_ob_poopart_use&quot;:&quot;yes&quot;,&quot;_ob_shadough_use&quot;:&quot;no&quot;,&quot;_ob_allow_hoveranimator&quot;:&quot;no&quot;,&quot;_ob_widget_stalker_use&quot;:&quot;no&quot;}\" data-widget_type=\"divider.default\">\n\t\t\t\t<div class=\"elementor-widget-container\">\n\t\t\t\t\t\t\t<div class=\"elementor-divider\">\n\t\t\t<span class=\"elementor-divider-separator\">\n\t\t\t\t\t\t<\/span>\n\t\t<\/div>\n\t\t\t\t\t\t<\/div>\n\t\t\t\t<\/div>\n\t\t\t\t<section class=\"ob-is-breaking-bad ob-bb-inner elementor-section elementor-inner-section elementor-element elementor-element-9488213 elementor-section-boxed elementor-section-height-default elementor-section-height-default\" data-id=\"9488213\" data-element_type=\"section\" data-e-type=\"section\" data-settings=\"{&quot;_ob_bbad_use_it&quot;:&quot;yes&quot;,&quot;_ob_bbad_sssic_use&quot;:&quot;no&quot;,&quot;_ob_glider_is_slider&quot;:&quot;no&quot;}\">\n\t\t\t\t\t\t<div class=\"elementor-container elementor-column-gap-default\">\n\t\t\t\t\t<div class=\"elementor-column elementor-col-50 elementor-inner-column elementor-element elementor-element-da85c10\" data-id=\"da85c10\" data-element_type=\"column\" data-e-type=\"column\" data-settings=\"{&quot;_ob_bbad_is_stalker&quot;:&quot;no&quot;,&quot;_ob_teleporter_use&quot;:false,&quot;_ob_column_hoveranimator&quot;:&quot;no&quot;,&quot;_ob_column_has_pseudo&quot;:&quot;no&quot;}\">\n\t\t\t<div class=\"elementor-widget-wrap elementor-element-populated\">\n\t\t\t\t\t\t<div class=\"elementor-element elementor-element-612848e ob-harakiri-inherit ob-has-background-overlay elementor-widget elementor-widget-text-editor\" data-id=\"612848e\" data-element_type=\"widget\" data-e-type=\"widget\" data-settings=\"{&quot;_ob_use_harakiri&quot;:&quot;yes&quot;,&quot;_ob_harakiri_writing_mode&quot;:&quot;inherit&quot;,&quot;_ob_postman_use&quot;:&quot;no&quot;,&quot;_ob_perspektive_use&quot;:&quot;no&quot;,&quot;_ob_poopart_use&quot;:&quot;yes&quot;,&quot;_ob_shadough_use&quot;:&quot;no&quot;,&quot;_ob_allow_hoveranimator&quot;:&quot;no&quot;,&quot;_ob_widget_stalker_use&quot;:&quot;no&quot;}\" data-widget_type=\"text-editor.default\">\n\t\t\t\t<div class=\"elementor-widget-container\">\n\t\t\t\t\t\t\t\t\t<h4 class=\"p1\"><b>\u0406\u043d\u0444\u043e\u0440\u043c\u0430\u0446\u0456\u044f \u0449\u043e\u0434\u043e \u043f\u0440\u043e\u043f\u043e\u0437\u0438\u0446\u0456\u0457 \u0436\u0438\u0442\u043b\u0430<\/b><\/h4><p class=\"p1\">\u0429\u0438\u0440\u043e \u0434\u044f\u043a\u0443\u0454\u043c\u043e \u0437\u0430 \u0432\u0430\u0448 \u0456\u043d\u0442\u0435\u0440\u0435\u0441 \u0434\u043e \u043f\u0440\u043e\u043f\u043e\u0437\u0438\u0446\u0456\u0457 \u043a\u0432\u0430\u0440\u0442\u0438\u0440\u0438 \u0434\u043b\u044f \u0431\u0456\u0436\u0435\u043d\u0446\u0456\u0432<span style=\"background-color: var( --e-global-color-afc63af ); color: var( --e-global-color-3af477b );\">!<\/span><\/p><p class=\"p1\">\u042f\u043a \u0432\u0438, \u043c\u0430\u0431\u0443\u0442\u044c, \u0432\u0436\u0435 \u043f\u043e\u043c\u0456\u0442\u0438\u043b\u0438, \u0456\u0441\u043d\u0443\u0454 \u0431\u0435\u0437\u043b\u0456\u0447 \u0441\u0430\u0439\u0442\u0456\u0432, \u0434\u0435 \u0432\u0438 \u043c\u043e\u0436\u0435\u0442\u0435 \u0440\u043e\u0437\u043c\u0456\u0441\u0442\u0438\u0442\u0438 \u0441\u0432\u043e\u044e \u043f\u0440\u043e\u043f\u043e\u0437\u0438\u0446\u0456\u044e. \u041c\u0438 \u0437\u043d\u0430\u0439\u0448\u043b\u0438 \u0434\u0435\u044f\u043a\u0456 \u0437 \u0446\u0438\u0445 \u0441\u0442\u043e\u0440\u0456\u043d\u043e\u043a \u0437\u0430 \u0430\u0434\u0440\u0435\u0441\u043e\u044e \u00ab<span class=\"s1\"><b><a href=\"https:\/\/slavalinked.de\/kontakt\/\">\u0406\u043d\u0444\u043e\u0440\u043c\u0430\u0446\u0456\u044f \u043f\u0440\u043e \u043f\u043e\u0448\u0443\u043a \u0436\u0438\u0442\u043b\u0430<\/a>\u00ab <\/b><\/span>\u0432\u0436\u0435 \u0437\u0433\u0430\u0434\u0443\u0432\u0430\u043b\u043e\u0441\u044f. \u041e\u043a\u0440\u0456\u043c \u0440\u043e\u0437\u043c\u0456\u0449\u0435\u043d\u043d\u044f \u0431\u0456\u0436\u0435\u043d\u0446\u0456\u0432 \u0443 \u0434\u043e\u043c\u043e\u0433\u043e\u0441\u043f\u043e\u0434\u0430\u0440\u0441\u0442\u0432\u0430\u0445 \u0443 \u041d\u0456\u043c\u0435\u0447\u0447\u0438\u043d\u0456, \u044f\u043a\u0435 \u0434\u043e\u0441\u0456 \u0432\u0438\u044f\u0432\u0438\u043b\u043e\u0441\u044f \u0441\u0442\u0430\u043b\u0438\u043c \u0442\u0430 \u0443\u0441\u043f\u0456\u0448\u043d\u0438\u043c, \u0456\u0441\u043d\u0443\u0454 \u043d\u0438\u0437\u043a\u0430 \u043f\u0440\u0438\u043a\u043b\u0430\u0434\u0456\u0432, \u0449\u043e \u0434\u0435\u0434\u0430\u043b\u0456 \u0447\u0430\u0441\u0442\u0456\u0448\u0435 \u0442\u0440\u0430\u043f\u043b\u044f\u044e\u0442\u044c\u0441\u044f, \u0434\u0435\u044f\u043a\u0456 \u0437 \u044f\u043a\u0438\u0445 \u043c\u0438 \u0445\u043e\u0442\u0456\u043b\u0438 \u0431 \u0437\u0433\u0430\u0434\u0430\u0442\u0438 \u043d\u0438\u0436\u0447\u0435:<span class=\"Apple-converted-space\">\u00a0<\/span><\/p><ul class=\"ul1\"><li class=\"li1\"><strong>\u041e\u0434\u043d\u0430 \u0437 \u0434\u0432\u043e\u0445 \u0441\u0442\u043e\u0440\u0456\u043d \u043d\u0435 \u0432\u0456\u0434\u043f\u043e\u0432\u0456\u0434\u0430\u0454. \u0406\u043d\u0448\u0430 \u0441\u0442\u043e\u0440\u043e\u043d\u0430 \u043c\u0430\u0454 \u0432\u0456\u0434\u0447\u0443\u0442\u0442\u044f \u043d\u0438\u0437\u044c\u043a\u043e\u0457 \u043e\u0446\u0456\u043d\u043a\u0438.<span class=\"Apple-converted-space\">\u00a0<\/span><\/strong><\/li><li class=\"li1\"><strong>\u0420\u043e\u0434\u0438\u043d\u0430 \u0431\u0456\u0436\u0435\u043d\u0446\u0456\u0432 \u043d\u0435 \u043f\u0440\u0438\u0431\u0443\u0432\u0430\u0454.<span class=\"Apple-converted-space\">\u00a0<\/span><\/strong><\/li><li class=\"li1\"><strong>\u0411\u0456\u0436\u0435\u043d\u0446\u0456\u0432 \u0431\u0456\u043b\u044c\u0448\u0435, \u043d\u0456\u0436 \u0432\u0432\u0430\u0436\u0430\u043b\u043e\u0441\u044f \u0441\u043f\u043e\u0447\u0430\u0442\u043a\u0443.<span class=\"Apple-converted-space\">\u00a0<\/span><\/strong><\/li><li class=\"li1\"><strong>\u0421\u0456\u043c&#039;\u044f \u043d\u0435 \u0437\u0430\u0434\u043e\u0432\u043e\u043b\u0435\u043d\u0430 \u043f\u0440\u043e\u0436\u0438\u0432\u0430\u043d\u043d\u044f\u043c.<span class=\"Apple-converted-space\">\u00a0<\/span><\/strong><\/li><li class=\"li1\"><strong>\u041f\u0440\u043e\u043f\u043e\u0437\u0438\u0446\u0456\u044f \u0436\u0438\u0442\u043b\u0430 \u043d\u0430\u0434\u0430\u0454\u0442\u044c\u0441\u044f \u0431\u0435\u0437 \u0431\u0443\u0434\u044c-\u044f\u043a\u043e\u0457 \u0456\u043d\u0448\u043e\u0457 \u043f\u0456\u0434\u0442\u0440\u0438\u043c\u043a\u0438. \u0411\u0456\u0436\u0435\u043d\u0446\u0456 \u043f\u043e\u0447\u0443\u0432\u0430\u044e\u0442\u044c\u0441\u044f \u0441\u0430\u043c\u043e\u0442\u043d\u0456\u043c\u0438 \u0437\u0456 \u0441\u0432\u043e\u0457\u043c\u0438 \u0442\u0443\u0440\u0431\u043e\u0442\u0430\u043c\u0438 \u0442\u0430 \u043d\u0435\u0437\u0434\u0430\u0442\u043d\u0438\u043c\u0438 \u0432\u043f\u043e\u0440\u0430\u0442\u0438\u0441\u044f \u0437 \u0432\u0438\u043c\u043e\u0433\u0430\u043c\u0438 \u043d\u0456\u043c\u0435\u0446\u044c\u043a\u043e\u0457 \u0441\u0438\u0441\u0442\u0435\u043c\u0438.<span class=\"Apple-converted-space\">\u00a0<\/span><\/strong><\/li><li class=\"li1\"><strong>\u0404 \u043c\u043e\u0432\u043d\u0456 \u0431\u0430\u0440\u2019\u0454\u0440\u0438.<span class=\"Apple-converted-space\">\u00a0<\/span><\/strong><\/li><li class=\"li1\"><strong>\u041a\u0432\u0430\u0440\u0442\u0438\u0440\u0430 \u043f\u0440\u043e\u043f\u043e\u043d\u0443\u0454\u0442\u044c\u0441\u044f \u043d\u0430 \u0437\u0430\u043d\u0430\u0434\u0442\u043e \u043a\u043e\u0440\u043e\u0442\u043a\u0438\u0439 \u0442\u0435\u0440\u043c\u0456\u043d, \u0449\u043e\u0431 \u0431\u0456\u0436\u0435\u043d\u0446\u0456 \u043d\u0435 \u043c\u043e\u0433\u043b\u0438 \u0430\u043a\u043b\u0456\u043c\u0430\u0442\u0438\u0437\u0443\u0432\u0430\u0442\u0438\u0441\u044f.<span class=\"Apple-converted-space\">\u00a0<\/span><\/strong><\/li><\/ul>\t\t\t\t\t\t\t\t<\/div>\n\t\t\t\t<\/div>\n\t\t\t\t\t<\/div>\n\t\t<\/div>\n\t\t\t\t<div class=\"elementor-column elementor-col-50 elementor-inner-column elementor-element elementor-element-cc4b52b elementor-hidden-mobile\" data-id=\"cc4b52b\" data-element_type=\"column\" data-e-type=\"column\" data-settings=\"{&quot;_ob_bbad_is_stalker&quot;:&quot;no&quot;,&quot;_ob_teleporter_use&quot;:false,&quot;_ob_column_hoveranimator&quot;:&quot;no&quot;,&quot;_ob_column_has_pseudo&quot;:&quot;no&quot;}\">\n\t\t\t<div class=\"elementor-widget-wrap\">\n\t\t\t\t\t\t\t<\/div>\n\t\t<\/div>\n\t\t\t\t\t<\/div>\n\t\t<\/section>\n\t\t\t\t<section class=\"ob-is-breaking-bad ob-bb-inner elementor-section elementor-inner-section elementor-element elementor-element-9b735c5 elementor-section-boxed elementor-section-height-default elementor-section-height-default\" data-id=\"9b735c5\" data-element_type=\"section\" data-e-type=\"section\" data-settings=\"{&quot;_ob_bbad_use_it&quot;:&quot;yes&quot;,&quot;_ob_bbad_sssic_use&quot;:&quot;no&quot;,&quot;_ob_glider_is_slider&quot;:&quot;no&quot;}\">\n\t\t\t\t\t\t<div class=\"elementor-container elementor-column-gap-default\">\n\t\t\t\t\t<div class=\"elementor-column elementor-col-50 elementor-inner-column elementor-element elementor-element-7b6a732 elementor-hidden-mobile\" data-id=\"7b6a732\" data-element_type=\"column\" data-e-type=\"column\" data-settings=\"{&quot;_ob_bbad_is_stalker&quot;:&quot;no&quot;,&quot;_ob_teleporter_use&quot;:false,&quot;_ob_column_hoveranimator&quot;:&quot;no&quot;,&quot;_ob_column_has_pseudo&quot;:&quot;no&quot;}\">\n\t\t\t<div class=\"elementor-widget-wrap\">\n\t\t\t\t\t\t\t<\/div>\n\t\t<\/div>\n\t\t\t\t<div class=\"elementor-column elementor-col-50 elementor-inner-column elementor-element elementor-element-1426c5e\" data-id=\"1426c5e\" data-element_type=\"column\" data-e-type=\"column\" data-settings=\"{&quot;_ob_bbad_is_stalker&quot;:&quot;no&quot;,&quot;_ob_teleporter_use&quot;:false,&quot;_ob_column_hoveranimator&quot;:&quot;no&quot;,&quot;_ob_column_has_pseudo&quot;:&quot;no&quot;}\">\n\t\t\t<div class=\"elementor-widget-wrap elementor-element-populated\">\n\t\t\t\t\t\t<div class=\"elementor-element elementor-element-403dd85 ob-harakiri-inherit ob-has-background-overlay elementor-widget elementor-widget-text-editor\" data-id=\"403dd85\" data-element_type=\"widget\" data-e-type=\"widget\" data-settings=\"{&quot;_ob_use_harakiri&quot;:&quot;yes&quot;,&quot;_ob_harakiri_writing_mode&quot;:&quot;inherit&quot;,&quot;_ob_postman_use&quot;:&quot;no&quot;,&quot;_ob_perspektive_use&quot;:&quot;no&quot;,&quot;_ob_poopart_use&quot;:&quot;yes&quot;,&quot;_ob_shadough_use&quot;:&quot;no&quot;,&quot;_ob_allow_hoveranimator&quot;:&quot;no&quot;,&quot;_ob_widget_stalker_use&quot;:&quot;no&quot;}\" data-widget_type=\"text-editor.default\">\n\t\t\t\t<div class=\"elementor-widget-container\">\n\t\t\t\t\t\t\t\t\t<h4 class=\"p1\" style=\"color: #fcea10;\"><b>\u041c\u0438 \u043c\u0430\u043a\u0441\u0438\u043c\u0430\u043b\u044c\u043d\u043e \u0437\u0430\u043f\u043e\u0431\u0456\u0433\u0430\u0454\u043c\u043e \u043f\u0440\u043e\u0431\u043b\u0435\u043c\u0430\u043c, \u043e\u043f\u0438\u0441\u0430\u043d\u0438\u043c \u0432\u0438\u0449\u0435<\/b><\/h4>\n<p class=\"p1\">\u041d\u0430 \u043e\u0441\u043d\u043e\u0432\u0456 \u0437\u0430\u043f\u043e\u0432\u043d\u0435\u043d\u043e\u0457 \u0432\u0430\u043c\u0438 \u043a\u043e\u043d\u0442\u0430\u043a\u0442\u043d\u043e\u0457 \u0444\u043e\u0440\u043c\u0438 \u0442\u0430, \u0437\u0430 \u0431\u0430\u0436\u0430\u043d\u043d\u044f\u043c, \u043f\u0456\u0441\u043b\u044f \u043a\u043e\u043d\u0441\u0443\u043b\u044c\u0442\u0430\u0446\u0456\u0457 \u0437 \u0432\u0430\u043c\u0438, \u043c\u0438 \u0434\u043e\u043f\u043e\u043c\u043e\u0436\u0435\u043c\u043e \u0432\u0430\u043c \u0437\u043d\u0430\u0439\u0442\u0438 \u043f\u0456\u0434\u0445\u043e\u0434\u044f\u0449\u0443 \u0441\u0456\u043c&#039;\u044e\/\u043e\u0441\u043e\u0431\u0443. \u042f\u043a \u0443\u043a\u0440\u0430\u0457\u043d\u0441\u044c\u043a\u043e-\u043d\u0456\u043c\u0435\u0446\u044c\u043a\u0430 \u043a\u043e\u043c\u0430\u043d\u0434\u0430, \u043c\u0438 \u043c\u043e\u0436\u0435\u043c\u043e \u0441\u043f\u0456\u0432\u043f\u0435\u0440\u0435\u0436\u0438\u0432\u0430\u0442\u0438 \u043e\u0431\u043e\u043c \u0441\u0442\u043e\u0440\u043e\u043d\u0430\u043c \u0442\u0430 \u0437\u0430\u043f\u043e\u0431\u0456\u0433\u0430\u0442\u0438 \u043f\u043e\u0442\u0435\u043d\u0446\u0456\u0439\u043d\u0438\u043c \u043f\u0440\u043e\u0431\u043b\u0435\u043c\u0430\u043c. \u0412\u0430\u0436\u043b\u0438\u0432\u043e, \u0449\u043e\u0431 \u0432\u0438 \u043f\u043e\u0432\u0456\u0434\u043e\u043c\u0438\u043b\u0438 \u043d\u0430\u043c, \u0447\u0438 \u043c\u043e\u0436\u0435\u0442\u0435 \u0432\u0438 \u0442\u0430\u043a\u043e\u0436 \u0430\u043a\u0442\u0438\u0432\u043d\u043e \u043f\u0456\u0434\u0442\u0440\u0438\u043c\u0443\u0432\u0430\u0442\u0438 \u0431\u0456\u0436\u0435\u043d\u0446\u0456\u0432 (\u043d\u0430\u043f\u0440\u0438\u043a\u043b\u0430\u0434, \u0440\u0435\u0454\u0441\u0442\u0440\u0443\u044e\u0447\u0438 \u0457\u0445 \u0443 \u0448\u043a\u043e\u043b\u0430\u0445, \u043e\u0444\u0456\u0441\u0456 \u0440\u0435\u0454\u0441\u0442\u0440\u0430\u0446\u0456\u0457 \u043c\u0435\u0448\u043a\u0430\u043d\u0446\u0456\u0432, \u0456\u043c\u043c\u0456\u0433\u0440\u0430\u0446\u0456\u0439\u043d\u043e\u043c\u0443 \u0431\u044e\u0440\u043e \u0442\u043e\u0449\u043e). \u042f\u043a\u0449\u043e \u0446\u0435 \u043d\u0435\u043c\u043e\u0436\u043b\u0438\u0432\u043e, \u0430\u043b\u0435 \u0432\u0438 \u0445\u043e\u0442\u0456\u043b\u0438 \u0431 \u0437\u0430\u0431\u0435\u0437\u043f\u0435\u0447\u0438\u0442\u0438 \u0436\u0438\u0442\u043b\u043e, \u043c\u0438 \u043f\u0440\u043e\u043f\u043e\u043d\u0443\u0454\u043c\u043e \u0432\u0430\u043c \u0437\u0430\u043f\u0440\u043e\u043f\u043e\u043d\u0443\u0432\u0430\u0442\u0438 \u043a\u0432\u0430\u0440\u0442\u0438\u0440\u0443 \u0440\u0430\u0437\u043e\u043c \u0437\u0456 \u0441\u043f\u043e\u043d\u0441\u043e\u0440\u0430\u043c\u0438. \u0414\u0438\u0432. <b>&quot;<a href=\"https:\/\/slavalinked.de\/paten-suchen\/\">\u0428\u0443\u043a\u0430\u0454\u043c\u043e \u0441\u043f\u043e\u043d\u0441\u043e\u0440\u0456\u0432\u00bb<\/a> (\u043a\u0430\u0442\u0435\u0433\u043e\u0440\u0456\u044f \u0416\u0438\u0442\u0442\u044f).<\/b><\/p>\t\t\t\t\t\t\t\t<\/div>\n\t\t\t\t<\/div>\n\t\t\t\t\t<\/div>\n\t\t<\/div>\n\t\t\t\t\t<\/div>\n\t\t<\/section>\n\t\t\t\t\t<\/div>\n\t\t<\/div>\n\t\t\t\t\t<\/div>\n\t\t<\/section>\n\t\t\t\t<\/div>","protected":false},"excerpt":{"rendered":"<p>Jetzt Unterkunft anbieten Informationen zum Wohnungsangebot Herzlichen Dank f\u00fcr das Interesse an einem Wohnungsangebot f\u00fcr Fl\u00fcchtlinge! Wie du sicher bereits festgestellt hast, gibt es zahlreiche Seiten, auf denen du dein Angebot einstellen kannst. Einige dieser Seiten haben wir bei \u201eInformationen zur Wohnungssuche\u201c bereits erw\u00e4hnt. Neben den Vermittlungen von Gefl\u00fcchteten in Haushalte in Deutschland, die sich [&hellip;]<\/p>\n","protected":false},"author":1,"featured_media":0,"parent":0,"menu_order":0,"comment_status":"closed","ping_status":"closed","template":"","meta":{"inline_featured_image":false,"footnotes":""},"class_list":["post-984","page","type-page","status-publish","hentry"],"yoast_head":"<!-- This site is optimized with the Yoast SEO plugin v27.4 - https:\/\/yoast.com\/product\/yoast-seo-wordpress\/ -->\n<title>Unterkunft anbieten - Slavalinked<\/title>\n<meta name=\"robots\" content=\"index, follow, max-snippet:-1, max-image-preview:large, max-video-preview:-1\" \/>\n<link rel=\"canonical\" href=\"https:\/\/slavalinked.de\/ua\/unterkunft-anbieten\/\" \/>\n<meta property=\"og:locale\" content=\"uk_UA\" \/>\n<meta property=\"og:type\" content=\"article\" \/>\n<meta property=\"og:title\" content=\"Unterkunft anbieten - Slavalinked\" \/>\n<meta property=\"og:description\" content=\"Jetzt Unterkunft anbieten Informationen zum Wohnungsangebot Herzlichen Dank f\u00fcr das Interesse an einem Wohnungsangebot f\u00fcr Fl\u00fcchtlinge! Wie du sicher bereits festgestellt hast, gibt es zahlreiche Seiten, auf denen du dein Angebot einstellen kannst. Einige dieser Seiten haben wir bei \u201eInformationen zur Wohnungssuche\u201c bereits erw\u00e4hnt. Neben den Vermittlungen von Gefl\u00fcchteten in Haushalte in Deutschland, die sich [&hellip;]\" \/>\n<meta property=\"og:url\" content=\"https:\/\/slavalinked.de\/ua\/unterkunft-anbieten\/\" \/>\n<meta property=\"og:site_name\" content=\"Slavalinked\" \/>\n<meta property=\"article:modified_time\" content=\"2022-04-14T13:09:20+00:00\" \/>\n<meta name=\"twitter:card\" content=\"summary_large_image\" \/>\n<meta name=\"twitter:label1\" content=\"\u041f\u0440\u0438\u0431\u043b. \u0447\u0430\u0441 \u0447\u0438\u0442\u0430\u043d\u043d\u044f\" \/>\n\t<meta name=\"twitter:data1\" content=\"2 \u0445\u0432\u0438\u043b\u0438\u043d\u0438\" \/>\n<script type=\"application\/ld+json\" class=\"yoast-schema-graph\">{\"@context\":\"https:\\\/\\\/schema.org\",\"@graph\":[{\"@type\":\"WebPage\",\"@id\":\"https:\\\/\\\/slavalinked.de\\\/unterkunft-anbieten\\\/\",\"url\":\"https:\\\/\\\/slavalinked.de\\\/unterkunft-anbieten\\\/\",\"name\":\"Unterkunft anbieten - Slavalinked\",\"isPartOf\":{\"@id\":\"https:\\\/\\\/slavalinked.de\\\/#website\"},\"datePublished\":\"2022-03-30T09:12:13+00:00\",\"dateModified\":\"2022-04-14T13:09:20+00:00\",\"breadcrumb\":{\"@id\":\"https:\\\/\\\/slavalinked.de\\\/unterkunft-anbieten\\\/#breadcrumb\"},\"inLanguage\":\"uk\",\"potentialAction\":[{\"@type\":\"ReadAction\",\"target\":[\"https:\\\/\\\/slavalinked.de\\\/unterkunft-anbieten\\\/\"]}]},{\"@type\":\"BreadcrumbList\",\"@id\":\"https:\\\/\\\/slavalinked.de\\\/unterkunft-anbieten\\\/#breadcrumb\",\"itemListElement\":[{\"@type\":\"ListItem\",\"position\":1,\"name\":\"Startseite\",\"item\":\"https:\\\/\\\/slavalinked.de\\\/\"},{\"@type\":\"ListItem\",\"position\":2,\"name\":\"Unterkunft anbieten\"}]},{\"@type\":\"WebSite\",\"@id\":\"https:\\\/\\\/slavalinked.de\\\/#website\",\"url\":\"https:\\\/\\\/slavalinked.de\\\/\",\"name\":\"Slavalinked\",\"description\":\"Unterkunft - Patenschaft - Jobsuche\",\"publisher\":{\"@id\":\"https:\\\/\\\/slavalinked.de\\\/#organization\"},\"potentialAction\":[{\"@type\":\"SearchAction\",\"target\":{\"@type\":\"EntryPoint\",\"urlTemplate\":\"https:\\\/\\\/slavalinked.de\\\/?s={search_term_string}\"},\"query-input\":{\"@type\":\"PropertyValueSpecification\",\"valueRequired\":true,\"valueName\":\"search_term_string\"}}],\"inLanguage\":\"uk\"},{\"@type\":\"Organization\",\"@id\":\"https:\\\/\\\/slavalinked.de\\\/#organization\",\"name\":\"Slavalinked\",\"url\":\"https:\\\/\\\/slavalinked.de\\\/\",\"logo\":{\"@type\":\"ImageObject\",\"inLanguage\":\"uk\",\"@id\":\"https:\\\/\\\/slavalinked.de\\\/#\\\/schema\\\/logo\\\/image\\\/\",\"url\":\"https:\\\/\\\/slavalinked.de\\\/wp-content\\\/uploads\\\/logo_slavalinken.svg\",\"contentUrl\":\"https:\\\/\\\/slavalinked.de\\\/wp-content\\\/uploads\\\/logo_slavalinken.svg\",\"width\":850,\"height\":115,\"caption\":\"Slavalinked\"},\"image\":{\"@id\":\"https:\\\/\\\/slavalinked.de\\\/#\\\/schema\\\/logo\\\/image\\\/\"}}]}<\/script>\n<!-- \/ Yoast SEO plugin. -->","yoast_head_json":{"title":"Unterkunft anbieten - Slavalinked","robots":{"index":"index","follow":"follow","max-snippet":"max-snippet:-1","max-image-preview":"max-image-preview:large","max-video-preview":"max-video-preview:-1"},"canonical":"https:\/\/slavalinked.de\/ua\/unterkunft-anbieten\/","og_locale":"uk_UA","og_type":"article","og_title":"Unterkunft anbieten - Slavalinked","og_description":"Jetzt Unterkunft anbieten Informationen zum Wohnungsangebot Herzlichen Dank f\u00fcr das Interesse an einem Wohnungsangebot f\u00fcr Fl\u00fcchtlinge! Wie du sicher bereits festgestellt hast, gibt es zahlreiche Seiten, auf denen du dein Angebot einstellen kannst. Einige dieser Seiten haben wir bei \u201eInformationen zur Wohnungssuche\u201c bereits erw\u00e4hnt. Neben den Vermittlungen von Gefl\u00fcchteten in Haushalte in Deutschland, die sich [&hellip;]","og_url":"https:\/\/slavalinked.de\/ua\/unterkunft-anbieten\/","og_site_name":"Slavalinked","article_modified_time":"2022-04-14T13:09:20+00:00","twitter_card":"summary_large_image","twitter_misc":{"\u041f\u0440\u0438\u0431\u043b. \u0447\u0430\u0441 \u0447\u0438\u0442\u0430\u043d\u043d\u044f":"2 \u0445\u0432\u0438\u043b\u0438\u043d\u0438"},"schema":{"@context":"https:\/\/schema.org","@graph":[{"@type":"WebPage","@id":"https:\/\/slavalinked.de\/unterkunft-anbieten\/","url":"https:\/\/slavalinked.de\/unterkunft-anbieten\/","name":"Unterkunft anbieten - Slavalinked","isPartOf":{"@id":"https:\/\/slavalinked.de\/#website"},"datePublished":"2022-03-30T09:12:13+00:00","dateModified":"2022-04-14T13:09:20+00:00","breadcrumb":{"@id":"https:\/\/slavalinked.de\/unterkunft-anbieten\/#breadcrumb"},"inLanguage":"uk","potentialAction":[{"@type":"ReadAction","target":["https:\/\/slavalinked.de\/unterkunft-anbieten\/"]}]},{"@type":"BreadcrumbList","@id":"https:\/\/slavalinked.de\/unterkunft-anbieten\/#breadcrumb","itemListElement":[{"@type":"ListItem","position":1,"name":"Startseite","item":"https:\/\/slavalinked.de\/"},{"@type":"ListItem","position":2,"name":"Unterkunft anbieten"}]},{"@type":"WebSite","@id":"https:\/\/slavalinked.de\/#website","url":"https:\/\/slavalinked.de\/","name":"\u0421\u043b\u0430\u0432\u0430\u043b\u0456\u0437\u0443\u0454\u0442\u044c\u0441\u044f","description":"\u041f\u0440\u043e\u0436\u0438\u0432\u0430\u043d\u043d\u044f - \u0441\u043f\u043e\u043d\u0441\u043e\u0440\u0441\u0442\u0432\u043e - \u043f\u043e\u0448\u0443\u043a \u0440\u043e\u0431\u043e\u0442\u0438","publisher":{"@id":"https:\/\/slavalinked.de\/#organization"},"potentialAction":[{"@type":"SearchAction","target":{"@type":"EntryPoint","urlTemplate":"https:\/\/slavalinked.de\/?s={search_term_string}"},"query-input":{"@type":"PropertyValueSpecification","valueRequired":true,"valueName":"search_term_string"}}],"inLanguage":"uk"},{"@type":"Organization","@id":"https:\/\/slavalinked.de\/#organization","name":"\u0421\u043b\u0430\u0432\u0430\u043b\u0456\u0437\u0443\u0454\u0442\u044c\u0441\u044f","url":"https:\/\/slavalinked.de\/","logo":{"@type":"ImageObject","inLanguage":"uk","@id":"https:\/\/slavalinked.de\/#\/schema\/logo\/image\/","url":"https:\/\/slavalinked.de\/wp-content\/uploads\/logo_slavalinken.svg","contentUrl":"https:\/\/slavalinked.de\/wp-content\/uploads\/logo_slavalinken.svg","width":850,"height":115,"caption":"Slavalinked"},"image":{"@id":"https:\/\/slavalinked.de\/#\/schema\/logo\/image\/"}}]}},"_links":{"self":[{"href":"https:\/\/slavalinked.de\/ua\/wp-json\/wp\/v2\/pages\/984","targetHints":{"allow":["GET"]}}],"collection":[{"href":"https:\/\/slavalinked.de\/ua\/wp-json\/wp\/v2\/pages"}],"about":[{"href":"https:\/\/slavalinked.de\/ua\/wp-json\/wp\/v2\/types\/page"}],"author":[{"embeddable":true,"href":"https:\/\/slavalinked.de\/ua\/wp-json\/wp\/v2\/users\/1"}],"replies":[{"embeddable":true,"href":"https:\/\/slavalinked.de\/ua\/wp-json\/wp\/v2\/comments?post=984"}],"version-history":[{"count":9,"href":"https:\/\/slavalinked.de\/ua\/wp-json\/wp\/v2\/pages\/984\/revisions"}],"predecessor-version":[{"id":2494,"href":"https:\/\/slavalinked.de\/ua\/wp-json\/wp\/v2\/pages\/984\/revisions\/2494"}],"wp:attachment":[{"href":"https:\/\/slavalinked.de\/ua\/wp-json\/wp\/v2\/media?parent=984"}],"curies":[{"name":"wp","href":"https:\/\/api.w.org\/{rel}","templated":true}]}}